{"id":2121,"date":"2025-02-28T11:14:03","date_gmt":"2025-02-28T11:14:03","guid":{"rendered":"https:\/\/www.nezhasinej.cz\/?post_type=product&#038;p=2121"},"modified":"2025-02-28T11:15:33","modified_gmt":"2025-02-28T11:15:33","slug":"slunecnice-kopirovat","status":"publish","type":"product","link":"https:\/\/www.nezhasinej.cz\/?product=slunecnice-kopirovat","title":{"rendered":"Slune\u010dnice"},"content":{"rendered":"","protected":false},"excerpt":{"rendered":"<p>Kovov\u00e1 lucerna s ru\u010dn\u011b dekorovan\u00fdm taven\u00fdm sklem s motivem slune\u010dnic.<\/p>\n<p>Jednotliv\u00e9 prvky taven\u00e9ho skla vytv\u00e1\u0159\u00ed na povrchu reli\u00e9f.<\/p>\n<p>Stromy jsou dopln\u011bny strukturovan\u00fdm \u010dir\u00fdm pozad\u00edm.<\/p>\n<p>V\u00fd\u0161ka 28 cm, \u0161\u00ed\u0159ka 15 cm a d\u00e9lka 15 cm. Barevn\u00e1 varianta luceren \u010dern\u00e1 nebo b\u00edl\u00e1.<\/p>\n<p>Dod\u00e1v\u00e1no s vyj\u00edmateln\u00fdm dekora\u010dn\u00edm \u0159et\u011bzem na 2 AA baterie, kter\u00fd m\u016f\u017eete nahradit sv\u00ed\u010dkou. Lucerna je vhodn\u00e1 do interi\u00e9ru i exteri\u00e9ru, sv\u011bt\u00fdlka jsou vhodn\u00e1 pouze do interi\u00e9ru.<\/p>\n<p>Lampa poslou\u017e\u00ed sv\u00fdm jemn\u00fdm sv\u011btlem k vytvo\u0159en\u00ed \u00fatuln\u00e9 atmosf\u00e9ry kdekoliv interi\u00e9ru nebo v pergole \u010di alt\u00e1nu.<\/p>\n","protected":false},"featured_media":2101,"comment_status":"open","ping_status":"closed","template":"","meta":{"site-sidebar-layout":"default","site-content-layout":"default","ast-site-content-layout":"default","site-content-style":"default","site-sidebar-style":"default","ast-global-header-display":"","ast-banner-title-visibility":"","ast-main-header-display":"","ast-hfb-above-header-display":"","ast-hfb-below-header-display":"","ast-hfb-mobile-header-display":"","site-post-title":"","ast-breadcrumbs-content":"","ast-featured-img":"","footer-sml-layout":"","theme-transparent-header-meta":"default","adv-header-id-meta":"","stick-header-meta":"","header-above-stick-meta":"","header-main-stick-meta":"","header-below-stick-meta":"","astra-migrate-meta-layouts":"default","ast-page-background-enabled":"default","ast-page-background-meta":{"desktop":{"background-color":"var(--ast-global-color-4)","background-image":"","background-repeat":"repeat","background-position":"center center","background-size":"auto","background-attachment":"scroll","background-type":"","background-media":"","overlay-type":"","overlay-color":"","overlay-opacity":"","overlay-gradient":""},"tablet":{"background-color":"","background-image":"","background-repeat":"repeat","background-position":"center center","background-size":"auto","background-attachment":"scroll","background-type":"","background-media":"","overlay-type":"","overlay-color":"","overlay-opacity":"","overlay-gradient":""},"mobile":{"background-color":"","background-image":"","background-repeat":"repeat","background-position":"center center","background-size":"auto","background-attachment":"scroll","background-type":"","background-media":"","overlay-type":"","overlay-color":"","overlay-opacity":"","overlay-gradient":""}},"ast-content-background-meta":{"desktop":{"background-color":"var(--ast-global-color-5)","background-image":"","background-repeat":"repeat","background-position":"center center","background-size":"auto","background-attachment":"scroll","background-type":"","background-media":"","overlay-type":"","overlay-color":"","overlay-opacity":"","overlay-gradient":""},"tablet":{"background-color":"var(--ast-global-color-5)","background-image":"","background-repeat":"repeat","background-position":"center center","background-size":"auto","background-attachment":"scroll","background-type":"","background-media":"","overlay-type":"","overlay-color":"","overlay-opacity":"","overlay-gradient":""},"mobile":{"background-color":"var(--ast-global-color-5)","background-image":"","background-repeat":"repeat","background-position":"center center","background-size":"auto","background-attachment":"scroll","background-type":"","background-media":"","overlay-type":"","overlay-color":"","overlay-opacity":"","overlay-gradient":""}}},"product_brand":[],"product_cat":[42],"product_tag":[],"class_list":{"0":"post-2121","1":"product","2":"type-product","3":"status-publish","4":"has-post-thumbnail","6":"product_cat-lucerny-stredni","7":"desktop-align-center","8":"tablet-align-center","9":"mobile-align-center","11":"first","12":"instock","13":"shipping-taxable","14":"purchasable","15":"product-type-simple"},"jetpack_sharing_enabled":true,"_links":{"self":[{"href":"https:\/\/www.nezhasinej.cz\/index.php?rest_route=\/wp\/v2\/product\/2121","targetHints":{"allow":["GET"]}}],"collection":[{"href":"https:\/\/www.nezhasinej.cz\/index.php?rest_route=\/wp\/v2\/product"}],"about":[{"href":"https:\/\/www.nezhasinej.cz\/index.php?rest_route=\/wp\/v2\/types\/product"}],"replies":[{"embeddable":true,"href":"https:\/\/www.nezhasinej.cz\/index.php?rest_route=%2Fwp%2Fv2%2Fcomments&post=2121"}],"version-history":[{"count":2,"href":"https:\/\/www.nezhasinej.cz\/index.php?rest_route=\/wp\/v2\/product\/2121\/revisions"}],"predecessor-version":[{"id":2123,"href":"https:\/\/www.nezhasinej.cz\/index.php?rest_route=\/wp\/v2\/product\/2121\/revisions\/2123"}],"wp:featuredmedia":[{"embeddable":true,"href":"https:\/\/www.nezhasinej.cz\/index.php?rest_route=\/wp\/v2\/media\/2101"}],"wp:attachment":[{"href":"https:\/\/www.nezhasinej.cz\/index.php?rest_route=%2Fwp%2Fv2%2Fmedia&parent=2121"}],"wp:term":[{"taxonomy":"product_brand","embeddable":true,"href":"https:\/\/www.nezhasinej.cz\/index.php?rest_route=%2Fwp%2Fv2%2Fproduct_brand&post=2121"},{"taxonomy":"product_cat","embeddable":true,"href":"https:\/\/www.nezhasinej.cz\/index.php?rest_route=%2Fwp%2Fv2%2Fproduct_cat&post=2121"},{"taxonomy":"product_tag","embeddable":true,"href":"https:\/\/www.nezhasinej.cz\/index.php?rest_route=%2Fwp%2Fv2%2Fproduct_tag&post=2121"}],"curies":[{"name":"wp","href":"https:\/\/api.w.org\/{rel}","templated":true}]}}