{"id":1939,"date":"2023-04-18T20:25:54","date_gmt":"2023-04-18T20:25:54","guid":{"rendered":"https:\/\/www.nezhasinej.cz\/?post_type=product&#038;p=1939"},"modified":"2023-04-18T20:29:18","modified_gmt":"2023-04-18T20:29:18","slug":"vlci-maky-4","status":"publish","type":"product","link":"https:\/\/www.nezhasinej.cz\/?product=vlci-maky-4","title":{"rendered":"Vl\u010d\u00ed m\u00e1ky"},"content":{"rendered":"","protected":false},"excerpt":{"rendered":"<p>Men\u0161\u00ed kovov\u00e1 lucerna na malou \u010dajovou sv\u00ed\u010dku s ru\u010dn\u011b dekorovan\u00fdm taven\u00fdm sklem s motivem kv\u011bt\u016f vl\u010d\u00edch m\u00e1k\u016f.<\/p>\n<p>Jednotliv\u00e9 prvky taven\u00e9ho skla vytv\u00e1\u0159\u00ed na povrchu reli\u00e9f.<\/p>\n<p>\u010cervenooran\u017eov\u00e9 kv\u011bty jsou dopln\u011bny strukturovan\u00fdm \u010dir\u00fdm pozad\u00edm.<\/p>\n<p>V\u00fd\u0161ka 22 cm, \u0161\u00ed\u0159ka 10 cm a d\u00e9lka 10 cm. Barevn\u00e1 varianta luceren \u010dern\u00e1, st\u0159\u00edbrn\u00e1 nebo b\u00edl\u00e1.<\/p>\n<p>Lucerna je vhodn\u00e1 do interi\u00e9ru i exteri\u00e9ru.<\/p>\n<p>Lampa poslou\u017e\u00ed sv\u00fdm jemn\u00fdm sv\u011btlem k vytvo\u0159en\u00ed \u00fatuln\u00e9 atmosf\u00e9ry kdekoliv interi\u00e9ru nebo v pergole \u010di alt\u00e1nu.<\/p>\n","protected":false},"featured_media":1925,"comment_status":"open","ping_status":"closed","template":"","meta":{"site-sidebar-layout":"default","site-content-layout":"default","ast-site-content-layout":"default","site-content-style":"default","site-sidebar-style":"default","ast-global-header-display":"","ast-banner-title-visibility":"","ast-main-header-display":"","ast-hfb-above-header-display":"","ast-hfb-below-header-display":"","ast-hfb-mobile-header-display":"","site-post-title":"","ast-breadcrumbs-content":"","ast-featured-img":"","footer-sml-layout":"","theme-transparent-header-meta":"default","adv-header-id-meta":"","stick-header-meta":"","header-above-stick-meta":"","header-main-stick-meta":"","header-below-stick-meta":"","astra-migrate-meta-layouts":"default","ast-page-background-enabled":"default","ast-page-background-meta":{"desktop":{"background-color":"var(--ast-global-color-4)","background-image":"","background-repeat":"repeat","background-position":"center center","background-size":"auto","background-attachment":"scroll","background-type":"","background-media":"","overlay-type":"","overlay-color":"","overlay-opacity":"","overlay-gradient":""},"tablet":{"background-color":"","background-image":"","background-repeat":"repeat","background-position":"center center","background-size":"auto","background-attachment":"scroll","background-type":"","background-media":"","overlay-type":"","overlay-color":"","overlay-opacity":"","overlay-gradient":""},"mobile":{"background-color":"","background-image":"","background-repeat":"repeat","background-position":"center center","background-size":"auto","background-attachment":"scroll","background-type":"","background-media":"","overlay-type":"","overlay-color":"","overlay-opacity":"","overlay-gradient":""}},"ast-content-background-meta":{"desktop":{"background-color":"var(--ast-global-color-5)","background-image":"","background-repeat":"repeat","background-position":"center center","background-size":"auto","background-attachment":"scroll","background-type":"","background-media":"","overlay-type":"","overlay-color":"","overlay-opacity":"","overlay-gradient":""},"tablet":{"background-color":"var(--ast-global-color-5)","background-image":"","background-repeat":"repeat","background-position":"center center","background-size":"auto","background-attachment":"scroll","background-type":"","background-media":"","overlay-type":"","overlay-color":"","overlay-opacity":"","overlay-gradient":""},"mobile":{"background-color":"var(--ast-global-color-5)","background-image":"","background-repeat":"repeat","background-position":"center center","background-size":"auto","background-attachment":"scroll","background-type":"","background-media":"","overlay-type":"","overlay-color":"","overlay-opacity":"","overlay-gradient":""}}},"product_brand":[],"product_cat":[89],"product_tag":[],"class_list":{"0":"post-1939","1":"product","2":"type-product","3":"status-publish","4":"has-post-thumbnail","6":"product_cat-lucerny-male","7":"desktop-align-center","8":"tablet-align-center","9":"mobile-align-center","11":"first","12":"instock","13":"shipping-taxable","14":"purchasable","15":"product-type-simple"},"jetpack_sharing_enabled":true,"_links":{"self":[{"href":"https:\/\/www.nezhasinej.cz\/index.php?rest_route=\/wp\/v2\/product\/1939","targetHints":{"allow":["GET"]}}],"collection":[{"href":"https:\/\/www.nezhasinej.cz\/index.php?rest_route=\/wp\/v2\/product"}],"about":[{"href":"https:\/\/www.nezhasinej.cz\/index.php?rest_route=\/wp\/v2\/types\/product"}],"replies":[{"embeddable":true,"href":"https:\/\/www.nezhasinej.cz\/index.php?rest_route=%2Fwp%2Fv2%2Fcomments&post=1939"}],"version-history":[{"count":1,"href":"https:\/\/www.nezhasinej.cz\/index.php?rest_route=\/wp\/v2\/product\/1939\/revisions"}],"predecessor-version":[{"id":1940,"href":"https:\/\/www.nezhasinej.cz\/index.php?rest_route=\/wp\/v2\/product\/1939\/revisions\/1940"}],"wp:featuredmedia":[{"embeddable":true,"href":"https:\/\/www.nezhasinej.cz\/index.php?rest_route=\/wp\/v2\/media\/1925"}],"wp:attachment":[{"href":"https:\/\/www.nezhasinej.cz\/index.php?rest_route=%2Fwp%2Fv2%2Fmedia&parent=1939"}],"wp:term":[{"taxonomy":"product_brand","embeddable":true,"href":"https:\/\/www.nezhasinej.cz\/index.php?rest_route=%2Fwp%2Fv2%2Fproduct_brand&post=1939"},{"taxonomy":"product_cat","embeddable":true,"href":"https:\/\/www.nezhasinej.cz\/index.php?rest_route=%2Fwp%2Fv2%2Fproduct_cat&post=1939"},{"taxonomy":"product_tag","embeddable":true,"href":"https:\/\/www.nezhasinej.cz\/index.php?rest_route=%2Fwp%2Fv2%2Fproduct_tag&post=1939"}],"curies":[{"name":"wp","href":"https:\/\/api.w.org\/{rel}","templated":true}]}}