{"id":1712,"date":"2023-02-18T21:42:47","date_gmt":"2023-02-18T21:42:47","guid":{"rendered":"https:\/\/www.nezhasinej.cz\/?post_type=product&#038;p=1712"},"modified":"2025-11-17T08:41:51","modified_gmt":"2025-11-17T08:41:51","slug":"louka-vlcich-maku-svicen","status":"publish","type":"product","link":"https:\/\/www.nezhasinej.cz\/?product=louka-vlcich-maku-svicen","title":{"rendered":"Louka vl\u010d\u00edch m\u00e1k\u016f sv\u00edcen"},"content":{"rendered":"","protected":false},"excerpt":{"rendered":"<p>Sv\u00edcen na malou \u010dajovou sv\u00ed\u010dku s ru\u010dn\u011b dekorovan\u00fdm taven\u00fdm sklem s motivem louky vl\u010d\u00edch m\u00e1k\u016f.<\/p>\n<p>Jednotliv\u00e9 prvky taven\u00e9ho skla vytv\u00e1\u0159\u00ed na povrchu reli\u00e9f.<\/p>\n<p>\u010cerven\u00e9\u00a0kv\u011bty\u00a0jsou dopln\u011bny\u00a0drobn\u00fdmi te\u010dkami v oran\u017eov\u00e9 a r\u016fzn\u00fdch odst\u00ednech \u010derven\u00e9. Pozad\u00ed je zelen\u00e9\u00a0a akvamar\u00ednov\u00e9.<\/p>\n<p>V\u00fd\u0161ka 14 cm, \u0161\u00ed\u0159ka 10 cm a d\u00e9lka 5 cm. Barevn\u00e1 varianta luceren \u010dern\u00e1 nebo b\u00edl\u00e1.<\/p>\n","protected":false},"featured_media":1820,"comment_status":"open","ping_status":"closed","template":"","meta":{"site-sidebar-layout":"default","site-content-layout":"default","ast-site-content-layout":"default","site-content-style":"default","site-sidebar-style":"default","ast-global-header-display":"","ast-banner-title-visibility":"","ast-main-header-display":"","ast-hfb-above-header-display":"","ast-hfb-below-header-display":"","ast-hfb-mobile-header-display":"","site-post-title":"","ast-breadcrumbs-content":"","ast-featured-img":"","footer-sml-layout":"","theme-transparent-header-meta":"default","adv-header-id-meta":"","stick-header-meta":"","header-above-stick-meta":"","header-main-stick-meta":"","header-below-stick-meta":"","astra-migrate-meta-layouts":"default","ast-page-background-enabled":"default","ast-page-background-meta":{"desktop":{"background-color":"var(--ast-global-color-4)","background-image":"","background-repeat":"repeat","background-position":"center center","background-size":"auto","background-attachment":"scroll","background-type":"","background-media":"","overlay-type":"","overlay-color":"","overlay-opacity":"","overlay-gradient":""},"tablet":{"background-color":"","background-image":"","background-repeat":"repeat","background-position":"center center","background-size":"auto","background-attachment":"scroll","background-type":"","background-media":"","overlay-type":"","overlay-color":"","overlay-opacity":"","overlay-gradient":""},"mobile":{"background-color":"","background-image":"","background-repeat":"repeat","background-position":"center center","background-size":"auto","background-attachment":"scroll","background-type":"","background-media":"","overlay-type":"","overlay-color":"","overlay-opacity":"","overlay-gradient":""}},"ast-content-background-meta":{"desktop":{"background-color":"var(--ast-global-color-5)","background-image":"","background-repeat":"repeat","background-position":"center center","background-size":"auto","background-attachment":"scroll","background-type":"","background-media":"","overlay-type":"","overlay-color":"","overlay-opacity":"","overlay-gradient":""},"tablet":{"background-color":"var(--ast-global-color-5)","background-image":"","background-repeat":"repeat","background-position":"center center","background-size":"auto","background-attachment":"scroll","background-type":"","background-media":"","overlay-type":"","overlay-color":"","overlay-opacity":"","overlay-gradient":""},"mobile":{"background-color":"var(--ast-global-color-5)","background-image":"","background-repeat":"repeat","background-position":"center center","background-size":"auto","background-attachment":"scroll","background-type":"","background-media":"","overlay-type":"","overlay-color":"","overlay-opacity":"","overlay-gradient":""}}},"product_brand":[],"product_cat":[44],"product_tag":[],"class_list":{"0":"post-1712","1":"product","2":"type-product","3":"status-publish","4":"has-post-thumbnail","6":"product_cat-svicny","7":"desktop-align-center","8":"tablet-align-center","9":"mobile-align-center","11":"first","12":"instock","13":"shipping-taxable","14":"purchasable","15":"product-type-simple"},"jetpack_sharing_enabled":true,"_links":{"self":[{"href":"https:\/\/www.nezhasinej.cz\/index.php?rest_route=\/wp\/v2\/product\/1712","targetHints":{"allow":["GET"]}}],"collection":[{"href":"https:\/\/www.nezhasinej.cz\/index.php?rest_route=\/wp\/v2\/product"}],"about":[{"href":"https:\/\/www.nezhasinej.cz\/index.php?rest_route=\/wp\/v2\/types\/product"}],"replies":[{"embeddable":true,"href":"https:\/\/www.nezhasinej.cz\/index.php?rest_route=%2Fwp%2Fv2%2Fcomments&post=1712"}],"version-history":[{"count":3,"href":"https:\/\/www.nezhasinej.cz\/index.php?rest_route=\/wp\/v2\/product\/1712\/revisions"}],"predecessor-version":[{"id":1831,"href":"https:\/\/www.nezhasinej.cz\/index.php?rest_route=\/wp\/v2\/product\/1712\/revisions\/1831"}],"wp:featuredmedia":[{"embeddable":true,"href":"https:\/\/www.nezhasinej.cz\/index.php?rest_route=\/wp\/v2\/media\/1820"}],"wp:attachment":[{"href":"https:\/\/www.nezhasinej.cz\/index.php?rest_route=%2Fwp%2Fv2%2Fmedia&parent=1712"}],"wp:term":[{"taxonomy":"product_brand","embeddable":true,"href":"https:\/\/www.nezhasinej.cz\/index.php?rest_route=%2Fwp%2Fv2%2Fproduct_brand&post=1712"},{"taxonomy":"product_cat","embeddable":true,"href":"https:\/\/www.nezhasinej.cz\/index.php?rest_route=%2Fwp%2Fv2%2Fproduct_cat&post=1712"},{"taxonomy":"product_tag","embeddable":true,"href":"https:\/\/www.nezhasinej.cz\/index.php?rest_route=%2Fwp%2Fv2%2Fproduct_tag&post=1712"}],"curies":[{"name":"wp","href":"https:\/\/api.w.org\/{rel}","templated":true}]}}